{"id":39,"date":"2021-09-13T23:53:50","date_gmt":"2021-09-13T21:53:50","guid":{"rendered":"https:\/\/cpkzagorz.pl\/sk\/kontakt\/"},"modified":"2021-09-14T00:46:57","modified_gmt":"2021-09-13T22:46:57","slug":"kontakt","status":"publish","type":"page","link":"https:\/\/cpkzagorz.pl\/sk\/kontakt\/","title":{"rendered":"Kontakt"},"content":{"rendered":"\t\t<div data-elementor-type=\"wp-page\" data-elementor-id=\"39\" class=\"elementor elementor-39\" data-elementor-settings=\"[]\">\n\t\t\t\t\t\t\t<div class=\"elementor-section-wrap\">\n\t\t\t\t\t\t\t<section class=\"elementor-section elementor-top-section elementor-element elementor-element-69443dae elementor-section-boxed elementor-section-height-default elementor-section-height-default\" data-id=\"69443dae\" data-element_type=\"section\" data-settings=\"{&quot;background_background&quot;:&quot;classic&quot;}\">\n\t\t\t\t\t\t\t<div class=\"elementor-background-overlay\"><\/div>\n\t\t\t\t\t\t\t<div class=\"elementor-container elementor-column-gap-default\">\n\t\t\t\t\t<div class=\"elementor-column elementor-col-100 elementor-top-column elementor-element elementor-element-4e09828b\" data-id=\"4e09828b\" data-element_type=\"column\">\n\t\t\t<div class=\"elementor-widget-wrap elementor-element-populated\">\n\t\t\t\t\t\t\t\t<div class=\"elementor-element elementor-element-2d16daed elementor-widget elementor-widget-spacer\" data-id=\"2d16daed\" data-element_type=\"widget\" data-widget_type=\"spacer.default\">\n\t\t\t\t<div class=\"elementor-widget-container\">\n\t\t\t\t\t<div class=\"elementor-spacer\">\n\t\t\t<div class=\"elementor-spacer-inner\"><\/div>\n\t\t<\/div>\n\t\t\t\t<\/div>\n\t\t\t\t<\/div>\n\t\t\t\t<div class=\"elementor-element elementor-element-3b04071 elementor-widget elementor-widget-heading\" data-id=\"3b04071\" data-element_type=\"widget\" data-widget_type=\"heading.default\">\n\t\t\t\t<div class=\"elementor-widget-container\">\n\t\t\t<h1 class=\"elementor-heading-title elementor-size-large\">Kontakt<\/h1>\t\t<\/div>\n\t\t\t\t<\/div>\n\t\t\t\t<div class=\"elementor-element elementor-element-3fe2efa3 elementor-widget elementor-widget-text-editor\" data-id=\"3fe2efa3\" data-element_type=\"widget\" data-widget_type=\"text-editor.default\">\n\t\t\t\t<div class=\"elementor-widget-container\">\n\t\t\t\t\t\t\t<h3>&#8222;Otv\u00e1rame br\u00e1nu Karp\u00e1t. Kult\u00farne dedi\u010dstvo Karpatsk\u00e9ho obl\u00faka v novom poh\u013eade&#8221;<\/h3><p>ul. 3 Maja 2, 38-540 Zag\u00f3rz<br \/><i class=\"fas fa-phone-square-alt\"><\/i> (013) 46 22 062<br \/><i class=\"fas fa-fax\"><\/i> (013) 492 41 21<br \/><i class=\"far fa-envelope\"><\/i> urzad@zagorz.pl<\/p>\t\t\t\t\t\t<\/div>\n\t\t\t\t<\/div>\n\t\t\t\t<div class=\"elementor-element elementor-element-725c313b elementor-widget elementor-widget-spacer\" data-id=\"725c313b\" data-element_type=\"widget\" data-widget_type=\"spacer.default\">\n\t\t\t\t<div class=\"elementor-widget-container\">\n\t\t\t\t\t<div class=\"elementor-spacer\">\n\t\t\t<div class=\"elementor-spacer-inner\"><\/div>\n\t\t<\/div>\n\t\t\t\t<\/div>\n\t\t\t\t<\/div>\n\t\t\t\t\t<\/div>\n\t\t<\/div>\n\t\t\t\t\t\t\t<\/div>\n\t\t<\/section>\n\t\t\t\t\t\t<\/div>\n\t\t\t\t\t<\/div>\n\t\t","protected":false},"excerpt":{"rendered":"<p>Kontakt &#8222;Otv\u00e1rame br\u00e1nu Karp\u00e1t. Kult\u00farne dedi\u010dstvo Karpatsk\u00e9ho obl\u00faka v novom poh\u013eade&#8221; ul. 3 Maja 2, 38-540 Zag\u00f3rz (013) 46 22 062 (013) 492 41 21 urzad@zagorz.pl<\/p>\n","protected":false},"author":1,"featured_media":0,"parent":0,"menu_order":0,"comment_status":"closed","ping_status":"closed","template":"","meta":[],"_links":{"self":[{"href":"https:\/\/cpkzagorz.pl\/sk\/wp-json\/wp\/v2\/pages\/39"}],"collection":[{"href":"https:\/\/cpkzagorz.pl\/sk\/wp-json\/wp\/v2\/pages"}],"about":[{"href":"https:\/\/cpkzagorz.pl\/sk\/wp-json\/wp\/v2\/types\/page"}],"author":[{"embeddable":true,"href":"https:\/\/cpkzagorz.pl\/sk\/wp-json\/wp\/v2\/users\/1"}],"replies":[{"embeddable":true,"href":"https:\/\/cpkzagorz.pl\/sk\/wp-json\/wp\/v2\/comments?post=39"}],"version-history":[{"count":5,"href":"https:\/\/cpkzagorz.pl\/sk\/wp-json\/wp\/v2\/pages\/39\/revisions"}],"predecessor-version":[{"id":296,"href":"https:\/\/cpkzagorz.pl\/sk\/wp-json\/wp\/v2\/pages\/39\/revisions\/296"}],"wp:attachment":[{"href":"https:\/\/cpkzagorz.pl\/sk\/wp-json\/wp\/v2\/media?parent=39"}],"curies":[{"name":"wp","href":"https:\/\/api.w.org\/{rel}","templated":true}]}}