{"id":150,"date":"2021-09-13T23:54:00","date_gmt":"2021-09-13T21:54:00","guid":{"rendered":"http:\/\/admin"},"modified":"2021-09-14T00:45:46","modified_gmt":"2021-09-13T22:45:46","slug":"mini-skansen-2","status":"publish","type":"page","link":"https:\/\/cpkzagorz.pl\/sk\/mini-skansen-2\/","title":{"rendered":"Mini \u017eelezni\u010dn\u00fd skanzen pod hol\u00fdm nebom v Zag\u00f3rzi"},"content":{"rendered":"<h3><\/h3>\n<h3 style=\"text-align: center;\">Mini \u017eelezni\u010dn\u00fd skanzen pod hol\u00fdm nebom v Zag\u00f3rzi<\/h3>\n<p>Hlavn\u00fdm investi\u010dn\u00fdm prvkom zag\u00f3rskej \u010dasti projektu <em>\u201eOtv\u00e1rame br\u00e1ny Karp\u00e1t<\/em>.<em> Kult\u00farne dedi\u010dstvo Karpatsk\u00e9ho obl\u00faka v novej verzii&#8221;<\/em> je mini \u017eelezni\u010dn\u00fd skanzen v podobe n\u00e1mestia venovan\u00e9ho Pam\u00e4tn\u00edku obrancov \u017eelezni\u010dn\u00e9ho uzla v Zag\u00f3rzi z roku 1918. Hlavn\u00fdm bodom tohto priestoru nach\u00e1dzaj\u00faceho sa ne\u010faleko Centra zdravia na Pi\u0142sudsk\u00e9ho 4 v Zag\u00f3rzi je kompletne zre\u0161taurovan\u00e1 parn\u00e1 lokomot\u00edva typu TKt48. Model umiestnen\u00fd v Zag\u00f3rzi so s\u00e9riov\u00fdm \u010d\u00edslom 124 bol vyroben\u00fd v roku 1955 v tov\u00e1rni lokomot\u00edv \u201eFablok&#8221; v Chrzanove. Parn\u00e1 lokomot\u00edva bola vyslan\u00e1 do z\u00e1vodu v Zag\u00f3rzi 29.8.1984 kde bola v prev\u00e1dzke a\u017e do 9.12.1989, kedy bola vyraden\u00e1 z prev\u00e1dzky a v roku 1994 bola ako technick\u00e1 pamiatka v uzavretej \u017eelezni\u010dnej oblasti vystaven\u00e1 ako technick\u00e1 pamiatka, \u010do v\u00fdrazne zn\u00ed\u017eilo jej dostupnos\u0165 ako turistickej atrakcie.<\/p>\n<figure id=\"attachment_314\" aria-describedby=\"caption-attachment-314\" style=\"width: 1200px\" class=\"wp-caption aligncenter\"><a href=\"https:\/\/cpkzagorz.pl\/wp-content\/uploads\/2021\/09\/fot.-8-lokomotywa-po-scaled-e1631486878710.jpg\"><img loading=\"lazy\" class=\"wp-image-314 size-full\" src=\"https:\/\/cpkzagorz.pl\/wp-content\/uploads\/2021\/09\/fot.-8-lokomotywa-po-scaled-e1631486897816.jpg\" alt=\"Mini-skansen kolejowy w Zag\u00f3rzu. Fot. arch. Gmina Zag\u00f3rz\" width=\"1200\" height=\"648\" \/><\/a><figcaption id=\"caption-attachment-314\" class=\"wp-caption-text\">Mini-skanzen \u017eeleznice v Zag\u00f3rze. Foto arch. Zag\u00f3rzsk\u00e1 kom\u00fana<\/figcaption><\/figure>\n<p>Nieko\u013ekoro\u010dn\u00e9 snahy samospr\u00e1vy mesta Zag\u00f3rz o z\u00edskanie expon\u00e1tu boli v roku 2017 \u00faspe\u0161n\u00e9 v\u010faka priazni spolo\u010dnosti Polregio, ktor\u00e9 otvorilo nov\u00e9 vyhliadky na vyu\u017eitie parnej lokomot\u00edvy pre rozvoj cestovn\u00e9ho ruchu a podporu bohat\u00fdch \u017eelezni\u010dn\u00fdch trad\u00edci\u00ed mesta Zag\u00f3rz. V bl\u00edzkosti lokomot\u00edvy, ktor\u00fa <a href=\"http:\/\/www.cpkzagorz.pl\">je mo\u017en\u00e9 virtu\u00e1lne<\/a> nav\u0161t\u00edvi\u0165 prostredn\u00edctvom webovej str\u00e1nky www.cpkzagorz.pl, s\u00fa nain\u0161talovan\u00e9 \u010doraz zriedkavej\u0161ie prvky \u017eelezni\u010dnej infra\u0161trukt\u00fary, ako je star\u0161\u00ed vodn\u00fd \u017eeriav z druhej svetovej vojny a jednoramenn\u00fd semafor. Vo v\u0161etk\u00fdch f\u00e1zach pl\u00e1novania a v\u00fdstavby \u017eelezni\u010dn\u00e9ho mini skanzenu pod hol\u00fdm nebom mohla samospr\u00e1va mesta Zag\u00f3rz po\u010d\u00edta\u0165 s podporou vedenia a zamestnancov \u017delezni\u010dn\u00e9ho z\u00e1vodu v Rzesz\u00f3ve a sekcie prev\u00e1dzky PKP PLK S.A. v Zag\u00f3rzi.<\/p>\n","protected":false},"excerpt":{"rendered":"<p>Mini \u017eelezni\u010dn\u00fd skanzen pod hol\u00fdm nebom v Zag\u00f3rzi Hlavn\u00fdm investi\u010dn\u00fdm prvkom zag\u00f3rskej \u010dasti projektu \u201eOtv\u00e1rame br\u00e1ny Karp\u00e1t. Kult\u00farne dedi\u010dstvo Karpatsk\u00e9ho obl\u00faka v novej verzii&#8221; je mini \u017eelezni\u010dn\u00fd skanzen v podobe n\u00e1mestia venovan\u00e9ho Pam\u00e4tn\u00edku obrancov \u017eelezni\u010dn\u00e9ho uzla v Zag\u00f3rzi z roku 1918. Hlavn\u00fdm bodom tohto priestoru nach\u00e1dzaj\u00faceho sa ne\u010faleko Centra zdravia na Pi\u0142sudsk\u00e9ho 4 v Zag\u00f3rzi &hellip;<\/p>\n<p class=\"read-more\"> <a class=\"\" href=\"https:\/\/cpkzagorz.pl\/sk\/mini-skansen-2\/\"> <span class=\"screen-reader-text\">Mini \u017eelezni\u010dn\u00fd skanzen pod hol\u00fdm nebom v Zag\u00f3rzi<\/span> Read More &raquo;<\/a><\/p>\n","protected":false},"author":1,"featured_media":0,"parent":0,"menu_order":9,"comment_status":"closed","ping_status":"closed","template":"","meta":[],"_links":{"self":[{"href":"https:\/\/cpkzagorz.pl\/sk\/wp-json\/wp\/v2\/pages\/150"}],"collection":[{"href":"https:\/\/cpkzagorz.pl\/sk\/wp-json\/wp\/v2\/pages"}],"about":[{"href":"https:\/\/cpkzagorz.pl\/sk\/wp-json\/wp\/v2\/types\/page"}],"author":[{"embeddable":true,"href":"https:\/\/cpkzagorz.pl\/sk\/wp-json\/wp\/v2\/users\/1"}],"replies":[{"embeddable":true,"href":"https:\/\/cpkzagorz.pl\/sk\/wp-json\/wp\/v2\/comments?post=150"}],"version-history":[{"count":2,"href":"https:\/\/cpkzagorz.pl\/sk\/wp-json\/wp\/v2\/pages\/150\/revisions"}],"predecessor-version":[{"id":293,"href":"https:\/\/cpkzagorz.pl\/sk\/wp-json\/wp\/v2\/pages\/150\/revisions\/293"}],"wp:attachment":[{"href":"https:\/\/cpkzagorz.pl\/sk\/wp-json\/wp\/v2\/media?parent=150"}],"curies":[{"name":"wp","href":"https:\/\/api.w.org\/{rel}","templated":true}]}}