{"id":132,"date":"2021-09-13T23:54:00","date_gmt":"2021-09-13T21:54:00","guid":{"rendered":"http:\/\/admin"},"modified":"2021-09-14T00:43:28","modified_gmt":"2021-09-13T22:43:28","slug":"rys-historyczny-2","status":"publish","type":"page","link":"https:\/\/cpkzagorz.pl\/sk\/rys-historyczny-2\/","title":{"rendered":"Historick\u00fd preh\u013ead"},"content":{"rendered":"<h3><\/h3>\n<h3 style=\"text-align: center;\">Historick\u00fd preh\u013ead<\/h3>\n<p>Dejiny karpatsk\u00e9ho makroregi\u00f3nu strednej a v\u00fdchodnej Eur\u00f3py formovali komplexn\u00e9 kult\u00farne, civiliza\u010dn\u00e9 a politick\u00e9 procesy.\u00a0 Jedn\u00fdm zo z\u00e1kladn\u00fdch bolo nepochybne kres\u0165anstvo, ktor\u00e9 je neoddelite\u013enou s\u00fa\u010das\u0165ou po\u010diatkov \u0161t\u00e1tnosti v Po\u013eskej republike, Ma\u010farsku a Kyjevskej Rusi. Od X. storo\u010dia kres\u0165ansk\u00e1 identita u\u017e stovky rokov ur\u010duje smer medzin\u00e1rodn\u00e9ho p\u00f4sobenia stredoeur\u00f3pskych politick\u00fdch el\u00edt. S \u00fapadkom Po\u013eskej republiky od druhej polovice XVIII. storo\u010dia sa karpatsk\u00e9 \u00fabo\u010die stalo oblas\u0165ou s dominantn\u00fdm zast\u00fapen\u00edm habsbursk\u00e9ho imp\u00e9ria. Dramatick\u00fdm pokusom o z\u00e1chranu nez\u00e1vislosti Po\u013eska, ktor\u00fd bezprostredne predch\u00e1dzal obdobiu rozdelenia, bola Barsk\u00e1 konfeder\u00e1cia. V rokoch 1768 a\u017e 1772 sa tento ozbrojen\u00fd, protirusk\u00fd zv\u00e4z po\u013eskej \u0161\u013eachty, ktor\u00fd mnoh\u00ed historici naz\u00fdvali prv\u00fdm po\u013esk\u00fdm n\u00e1rodn\u00fdm povstan\u00edm, z\u00fa\u010dast\u0148oval mnoh\u00fdch d\u00f4le\u017eit\u00fdch udalost\u00ed, ktor\u00e9 sa odohrali v karpatskom pohrani\u010d\u00ed.\u00a0 V za\u010diatkoch konfedera\u010dn\u00fdch nepokojov Rak\u00fa\u0161ania umo\u017enili v Pre\u0161ove, ktor\u00fd je v s\u00fa\u010dasnosti na \u00fazem\u00ed Slovenska, vznik povstaleck\u00fdch org\u00e1nov. 13. okt\u00f3bra 1770 bol vyhl\u00e1sen\u00fd akt zvrhnutia z tr\u00f3nu kr\u00e1\u013ea Stanis\u0142awa Augusta Poniatowsk\u00e9ho.<\/p>\n<figure id=\"attachment_303\" aria-describedby=\"caption-attachment-303\" style=\"width: 300px\" class=\"wp-caption alignleft\"><img loading=\"lazy\" class=\"wp-image-303 size-medium\" src=\"https:\/\/cpkzagorz.pl\/wp-content\/uploads\/2021\/09\/2-fot.-Jurek3-300x203.jpg\" alt=\"Ruiny klasztoru, przed 1918, Nak\u0142adem M.Muschel, Drukarnia, Sanok. Zbiory Artura Pa\u0142asiewicza\" width=\"300\" height=\"203\" \/><figcaption id=\"caption-attachment-303\" class=\"wp-caption-text\">Ruiny kl\u00e1\u0161tora, pred rokom 1918, od M. Muschela, Drukarnia, Sanok. Zbierka Artura Pa\u0142asiewicza<\/figcaption><\/figure>\n<p>Viedensk\u00fd s\u00fad sa nakoniec v po\u013eskej ot\u00e1zke zameral na politiku, ktor\u00e1 vy\u00fastila do vojenskej intervencie a \u00fa\u010dasti Rak\u00faska na dvoch deleniach Po\u013eska. Miestom poslednej skuto\u010dnej bitky Barskej konfeder\u00e1cie bol opevnen\u00fd karmeli\u00e1nsky kl\u00e1\u0161tor Bos\u00fdch v Zag\u00f3rzi. 29. novembra 1772 sa nezn\u00e1ma konfedera\u010dn\u00e1 jednotka pok\u00fasila br\u00e1ni\u0165 karmelitsk\u00e9 velite\u013estvo obliehan\u00e9 ohromuj\u00facim po\u010dtom a v\u00fdzbrojou rusk\u00fdch vojsk pod veden\u00edm gener\u00e1la Ivana Drewicza. V d\u00f4sledku ostre\u013eovania delom, ktor\u00e9 viedli Rusi, ve\u013ek\u00fa \u010das\u0165 kl\u00e1\u0161torn\u00fdch budov pohltil ohe\u0148. Miestna legenda hovor\u00ed, \u017ee obrancom sa napriek por\u00e1\u017eke podarilo unikn\u00fa\u0165 pomocou podzemn\u00fdch chodieb. Bolo to naozaj tak? Dnes s istotou vieme, \u017ee po p\u00e1de Barskej konfeder\u00e1cie sa Zag\u00f3rz na dlh\u00fdch 146 rokov ocitol na rak\u00faskej strane. A\u017e do roku 1918 Habsburgovci \u00faspe\u0161ne zastavili v\u0161etky pokusy o obnovu po\u013eskej \u0161t\u00e1tnosti. Politika rak\u00faskej strany, \u0161ikovne podporuj\u00facej nap\u00e4tie a soci\u00e1lne konflikty, nar\u00e1bala ve\u013emi \u0161ikovne s t\u00fa\u017ebami po nez\u00e1vislosti in\u00fdch n\u00e1rodov, ktor\u00e9 sa usilovali o vlastn\u00fa \u0161t\u00e1tnos\u0165. Rovnako ako v pr\u00edpade Po\u013eska boli aj slovensk\u00e9 a ukrajinsk\u00e9 cesty k samostatnosti a udr\u017eate\u013enej \u0161t\u00e1tnosti dlh\u00e9 a k\u013eukat\u00e9. Administrat\u00edvna auton\u00f3mia, liber\u00e1lny pr\u00edstup k pou\u017e\u00edvaniu n\u00e1rodn\u00fdch jazykov a spojenie so soci\u00e1lnymi organiz\u00e1ciami prispeli k idealizovan\u00e9mu vn\u00edmaniu Gal\u00edcie, ako sa naz\u00fdvali po\u013esk\u00e9 krajiny pod rak\u00faskou spr\u00e1vou. Napriek mnoh\u00fdm slobod\u00e1m, ktor\u00e9 Poliaci nemali v in\u00fdch obdobiach, bol regi\u00f3n v skuto\u010dnosti jednou z najzaostalej\u0161\u00edch a najchudobnej\u0161\u00edch provinci\u00ed Habsburskej r\u00ed\u0161e a\u017e do konca svojej existencie v roku 1918. Preto bola my\u0161lienka vytvorenia \u017eelezni\u010dn\u00e9ho spojenia ma\u010farskej \u010dasti monarchie s Gal\u00edciou a najm\u00e4 jej karpatsk\u00fdch, \u0165a\u017eko dostupn\u00fdch oblast\u00ed skuto\u010dn\u00fdm civiliza\u010dn\u00fdm skokom. Uskuto\u010dnila sa v\u010faka v\u00fdstavbe Prvej ma\u010farsko-gal\u00edcijskej \u017eeleznice, ktor\u00e1 viedla, okrem in\u00e9ho, cez bridlicov\u00fd tunel do Zag\u00f3rza (dne\u0161n\u00e1 linka \u010d. 107) a \u010falej cez Doln\u00e9 Ustrzyki, Kro\u015bcienko (teraz linka 108) spojila v roku 1874 Budape\u0161\u0165 so strategick\u00fdm a n\u00e1sledne vojensk\u00fdm priemyslom. Po\u010das po\u010diato\u010dn\u00e9ho obdobia prev\u00e1dzky nov\u00e9ho spojenia ho vyu\u017eilo ro\u010dne 150 000 a\u017e 200 000 cestuj\u00facich. Ich po\u010det sa postupne zv\u00fd\u0161il na takmer 400 000 v roku 1887! Rozsah vplyvu \u017eelezn\u00edc na miestne hospod\u00e1rske a soci\u00e1lne prostredie dokonale ilustruje pr\u00edklad Zag\u00f3rza, ktor\u00fd sa, ako u\u017e bolo spomenut\u00e9, ve\u013emi r\u00fdchlo zmenil z malej provin\u010dnej po\u013enohospod\u00e1rskej osady na dynamicky sa rozv\u00edjaj\u00faci \u017eelezni\u010dn\u00fd uzol. Po\u010das prvej a druhej svetovej vojny mal ve\u013ek\u00fd strategick\u00fd v\u00fdznam. Po\u010das oboch konfliktov sa susedn\u00e9 karpatsk\u00e9 n\u00e1rody opakovane postavili na opa\u010dn\u00e9 frontov\u00e9 l\u00ednie v r\u00e1mci nepriate\u013esk\u00fdch spojenectiev. S dominanciou Sovietskeho zv\u00e4zu v strednej a v\u00fdchodnej Eur\u00f3pe od roku 1945 do \u0161tyri a pol desa\u0165ro\u010dia bola t\u00e1to \u010das\u0165 n\u00e1\u0161ho kontinentu tesne uzavret\u00e1 za tzv. \u201e\u017deleznou oponou\u201c. Po\u010das tohto obdobia komunistick\u00e9 re\u017eimy \u00fa\u010dinne potl\u00e1\u010dali v\u0161etky soci\u00e1lne protesty za slobodu a demokraciu. V tom \u010dase mala \u201ecezhrani\u010dn\u00e1 spolupr\u00e1ca&#8221; medzi krajinami takzvanej &#8222;\u013eudovej demokracie&#8221; ve\u013emi zvl\u00e1\u0161tny charakter, \u010do najlep\u0161ie ilustruje pr\u00edklad b\u00fdval\u00e9ho Kro\u015bnie\u0144sk\u00e9ho vojvodstva, ktor\u00e9mu bola v obdob\u00ed Po\u013eskej \u013eudovej republiky pridelen\u00e1 partnersk\u00e1 \u201eprihrani\u010dn\u00e1\u201c oblas\u0165 s hlavn\u00fdm mestom Bielohrad vzdialen\u00fdm len&#8230;&#8230; 1250 km!<\/p>\n<p>Politick\u00e9 a hospod\u00e1rske zmeny, ktor\u00e9 sa za\u010dali v Po\u013esku v roku 1989, boli n\u00e1pomocn\u00e9 pri rozpade cel\u00e9ho sovietskeho bloku. Na politickej mape Eur\u00f3py sa ako nez\u00e1visl\u00e9 \u0161t\u00e1ty objavili: Ukrajina (1991) a Slovensko (1993). Medzn\u00edkom pre modern\u00e9 cezhrani\u010dn\u00e9 vz\u0165ahy medzi t\u00fdmito krajinami a Po\u013eskom, Ma\u010farskom a Rumunskom bolo 14. febru\u00e1ra vytvorenie Medziregion\u00e1lnej \u00fanie \u201eKarpatsk\u00fd euroregi\u00f3n&#8221;. Jeho vznik a \u0161tatut\u00e1rne ciele sa stali za\u010diatkom my\u0161lienky Eur\u00f3py Karp\u00e1t, ktor\u00e1 je s\u00fa\u010das\u0165ou projektov\u00fdch aktiv\u00edt op\u00edsan\u00fdch v \u010fal\u0161ej \u010dasti tejto publik\u00e1cie.<\/p>\n<p>&nbsp;<\/p>\n<p>&nbsp;<\/p>\n","protected":false},"excerpt":{"rendered":"<p>Historick\u00fd preh\u013ead Dejiny karpatsk\u00e9ho makroregi\u00f3nu strednej a v\u00fdchodnej Eur\u00f3py formovali komplexn\u00e9 kult\u00farne, civiliza\u010dn\u00e9 a politick\u00e9 procesy.\u00a0 Jedn\u00fdm zo z\u00e1kladn\u00fdch bolo nepochybne kres\u0165anstvo, ktor\u00e9 je neoddelite\u013enou s\u00fa\u010das\u0165ou po\u010diatkov \u0161t\u00e1tnosti v Po\u013eskej republike, Ma\u010farsku a Kyjevskej Rusi. Od X. storo\u010dia kres\u0165ansk\u00e1 identita u\u017e stovky rokov ur\u010duje smer medzin\u00e1rodn\u00e9ho p\u00f4sobenia stredoeur\u00f3pskych politick\u00fdch el\u00edt. S \u00fapadkom Po\u013eskej republiky od &hellip;<\/p>\n<p class=\"read-more\"> <a class=\"\" href=\"https:\/\/cpkzagorz.pl\/sk\/rys-historyczny-2\/\"> <span class=\"screen-reader-text\">Historick\u00fd preh\u013ead<\/span> Read More &raquo;<\/a><\/p>\n","protected":false},"author":1,"featured_media":0,"parent":0,"menu_order":7,"comment_status":"closed","ping_status":"closed","template":"","meta":[],"_links":{"self":[{"href":"https:\/\/cpkzagorz.pl\/sk\/wp-json\/wp\/v2\/pages\/132"}],"collection":[{"href":"https:\/\/cpkzagorz.pl\/sk\/wp-json\/wp\/v2\/pages"}],"about":[{"href":"https:\/\/cpkzagorz.pl\/sk\/wp-json\/wp\/v2\/types\/page"}],"author":[{"embeddable":true,"href":"https:\/\/cpkzagorz.pl\/sk\/wp-json\/wp\/v2\/users\/1"}],"replies":[{"embeddable":true,"href":"https:\/\/cpkzagorz.pl\/sk\/wp-json\/wp\/v2\/comments?post=132"}],"version-history":[{"count":4,"href":"https:\/\/cpkzagorz.pl\/sk\/wp-json\/wp\/v2\/pages\/132\/revisions"}],"predecessor-version":[{"id":291,"href":"https:\/\/cpkzagorz.pl\/sk\/wp-json\/wp\/v2\/pages\/132\/revisions\/291"}],"wp:attachment":[{"href":"https:\/\/cpkzagorz.pl\/sk\/wp-json\/wp\/v2\/media?parent=132"}],"curies":[{"name":"wp","href":"https:\/\/api.w.org\/{rel}","templated":true}]}}