{"id":142,"date":"2021-09-13T22:30:23","date_gmt":"2021-09-13T20:30:23","guid":{"rendered":"http:\/\/admin"},"modified":"2021-09-14T00:54:14","modified_gmt":"2021-09-13T22:54:14","slug":"obroncy-zwk-z-1918-r-2","status":"publish","type":"page","link":"https:\/\/cpkzagorz.pl\/en\/obroncy-zwk-z-1918-r-2\/","title":{"rendered":"The defenders of the Zag\u00f3rz railway junction in 1918"},"content":{"rendered":"<h3><\/h3>\n<h3 style=\"text-align: center;\">The defenders of the Zag\u00f3rz railway junction in 1918<\/h3>\n<p>&nbsp;<\/p>\n<figure id=\"attachment_306\" aria-describedby=\"caption-attachment-306\" style=\"width: 300px\" class=\"wp-caption alignleft\"><a href=\"https:\/\/cpkzagorz.pl\/wp-content\/uploads\/2021\/09\/3-fot.-Jurek12-300x199.jpg\"><img loading=\"lazy\" class=\"wp-image-306 size-medium\" src=\"https:\/\/cpkzagorz.pl\/wp-content\/uploads\/2021\/09\/3-fot.-Jurek12-300x199.jpg\" alt=\"The train station in Nowy Zag\u00f3rz, before 1915, printed by Verlag S. Landesmann, Zag\u00f3rz. Artur Pa\u0142asiewicz\u2019s collection\" width=\"300\" height=\"199\" \/><\/a><figcaption id=\"caption-attachment-306\" class=\"wp-caption-text\">The train station in Nowy Zag\u00f3rz, before 1915, printed by Verlag S. Landesmann, Zag\u00f3rz. Artur Pa\u0142asiewicz\u2019s collection<\/figcaption><\/figure>\n<p>The history of these heroes of the fight for the independence of Poland reborn after the partitions &#8211; unfortunately, most of them do not know their names &#8211; began at the end of October 1918. At that time, numerous detachments of demobilised soldiers from the Austro-Hungarian army and Russian prisoners of war found themselves in the area of the Zag\u00f3rz railway junction. In order to prevent excesses on the part of the military, whose morale had been greatly strained by the chaos engulfing the partitioning empires, the railwaymen of Zag\u00f3rz took matters into their own hands. &#8222;(&#8230;) With the knowledge and permission of the head of the Zag\u00f3rz railway station at the time, Mr. Rolicki, we formed a guard patrol, whose task was to garrison railway facilities and protect property that was to be the property of the Polish state. (&#8230;)&#8221;\u00a0 &#8211; This is an excerpt from the memoirs of Bronis\u0142awDziedzicki. He was one of the participants in a successful operation to take control of the railway infrastructure located within Zag\u00f3rz. In very scarce historical sources concerning this event, apart from Bronis\u0142awDziedzicki, the following people were mentioned:\u00a0 Ludwik Marko, Leon Sikorski, Milasz (first name unknown), Edward Lichy and four other volunteers unknown by name. As early as November 3, 1918, the railway guard was reinforced with a company of the 3rd Battalion of the Sanok Riflemen. As the Polish-Ukrainian armed conflict over the nationality of eastern Galicia escalated, the Zag\u00f3rz railway junction gained in strategic importance with each passing day.<\/p>\n<figure id=\"attachment_307\" aria-describedby=\"caption-attachment-307\" style=\"width: 300px\" class=\"wp-caption alignleft\"><a href=\"https:\/\/cpkzagorz.pl\/wp-content\/uploads\/2021\/09\/fot.-4-300x191.jpg\"><img loading=\"lazy\" class=\"wp-image-307 size-medium\" src=\"https:\/\/cpkzagorz.pl\/wp-content\/uploads\/2021\/09\/fot.-4-300x191.jpg\" alt=\"The crew of the armored train \u201eGromocy\u201d during the Polish- -Ukrainian war 1918-1919 in the vicinity of Przemy\u015bl, photo NN, collection of the KARTA Center, Wojciech Bartoszewicz made available.\" width=\"300\" height=\"191\" \/><\/a><figcaption id=\"caption-attachment-307\" class=\"wp-caption-text\">The crew of the armored train \u201eGromocy\u201d during the Polish- -Ukrainian war 1918-1919 in the vicinity of Przemy\u015bl, photo NN, collection of the KARTA Center, Wojciech Bartoszewicz made available.<\/figcaption><\/figure>\n<p>The local community&#8217;s response to the numerous challenges posed by the Ukrainian military offensive was to establish the Committee for the Defence of the Zag\u00f3rz Junction. This body, created on the initiative of Dr Jan Puzdrowski, included: Andrzej Batruch, Leon Jas\u0142owski, Jan Ma\u015blanik, Aleksander Stroi\u0144ski, W\u0142adys\u0142awOzgaj and Zygmunt Grzebie\u0144. The increasingly difficult situation on the Polish-Ukrainian front required the involvement of extraordinary forces and resources. Polish armoured trains set out to the relief of Lw\u00f3w and Przemy\u015bl, defended by teenage defenders who went on to become known as the Lviv and Przemy\u015bl Eaglets. There were several of them, but in the context of the military operations conducted within the Zag\u00f3rz railway junction, the trains named &#8222;Kozak&#8221; and &#8222;Gromob\u00f3j&#8221; are most frequently mentioned. The circumstances of their construction and the detailed course of their service are the subject of frequently contradictory inquiries and interpretations by a narrow circle of professional historians and railway enthusiasts. This does not change the fact that the above-mentioned armoured trains played a key role in the rebuilding of Polish statehood in what is now known as eastern Galicia.<\/p>\n<figure id=\"attachment_309\" aria-describedby=\"caption-attachment-309\" style=\"width: 941px\" class=\"wp-caption aligncenter\"><a href=\"https:\/\/cpkzagorz.pl\/wp-content\/uploads\/2021\/09\/fot.-5-Pociag-pancerny-\u201eGromoboj-w-czasie-patrolu-na-moscie-kolejowym-na-rzece-Oslawie-.jpg\"><img loading=\"lazy\" class=\"wp-image-309 size-full\" src=\"https:\/\/cpkzagorz.pl\/wp-content\/uploads\/2021\/09\/fot.-5-Pociag-pancerny-\u201eGromoboj-w-czasie-patrolu-na-moscie-kolejowym-na-rzece-Oslawie--e1631486566488.jpg\" alt=\"Poci\u0105g pancerny \u201eGromob\u00f3j\u201d w czasie patrolu na mo\u015bcie kolejowym na rzece Os\u0142awie. Fot. Ze zbior\u00f3w Grzegorza Nycza\" width=\"941\" height=\"328\" \/><\/a><figcaption id=\"caption-attachment-309\" class=\"wp-caption-text\">Cross of the Defenders of the Zag\u00f3rski Junction, from the collection of Grzegorz Nycz. Photo arch. Grzegorz Nycz<\/figcaption><\/figure>\n<figure id=\"attachment_311\" aria-describedby=\"caption-attachment-311\" style=\"width: 213px\" class=\"wp-caption alignleft\"><a href=\"https:\/\/cpkzagorz.pl\/wp-content\/uploads\/2021\/09\/fot-6-e1631486681807.jpg\"><img loading=\"lazy\" class=\"size-medium wp-image-311\" src=\"https:\/\/cpkzagorz.pl\/wp-content\/uploads\/2021\/09\/fot-6-213x300.jpg\" alt=\"wyppor. Stanis\u0142aw Sas Korczy\u0144ski. Fot. Ze zbior\u00f3w Wojskowego Biura Historycznego (Centralne Archiwum Wojskowe)\" width=\"213\" height=\"300\" \/><\/a><figcaption id=\"caption-attachment-311\" class=\"wp-caption-text\">Armored train \u201eGromolat\u201d during<br \/>a patrol on the railway bridge on<br \/>the Os\u0142awa River. Photo From the<br \/>collection of Grzegorz Nycz<\/figcaption><\/figure>\n<p>An example of the dedication and bravery of the crews of the armoured trains, operating on the railway tracks converging in Zag\u00f3rz, is the tragic story of a member of the crew of the armoured train &#8222;Kozak&#8221;, Second Lieutenant Stanis\u0142awSasKorczy\u0144ski. In 1917, as a graduate of the Sanok gymnasium, he was drafted into the Austrian army. After graduating from a one-year military school in Vienna, the newly-graduated artilleryman was sent to the Italian front, from where he returned to Sanok at the beginning of November 1918, after the fall of Austria-Hungary as an ensign. Here he reported to the local command of the reborn Polish Army. After being assigned to the newly created Podkarpacie Group, Ensign Stanis\u0142awSasKorczy\u0144ski as a gunner of the armoured train &#8222;Kozak&#8221; on November 23, 1918 set off to the region of Chyr\u00f3w which was besieged by Ukrainian troops. On the first day of 1919 the rail gunner was promoted to the rank of second lieutenant. Unfortunately, the same month he died in circumstances that were described by his mother Amalia SasKorczy\u0144ska in a letter to the military authorities preserved in the Central Military Archives: &#8222;(&#8230;) on January 19, 1919 during an intelligence excursion organized by the &#8222;Kozak&#8221; armoured train, he died on the railway track near Chyr\u00f3w, hit by a grenade (&#8230;), by his own cannon, together with his servicemen, i.e. CHMURA serving for one year and \u015aL\u0104SKI. All were buried in the Central Cemetery in Sanok. They were among the many now sadly mostly nameless Polish patriots who, by giving their lives for the reborn Homeland, created the legend of the 1918 Defenders of the Zag\u00f3rz Railway Junction. With a view to commemorating their heroic deeds, commemorative Crosses of the Defenders of the Zag\u00f3rz Junction were awarded from 7 November 1920.<\/p>\n<p>&nbsp;<\/p>\n<figure id=\"attachment_312\" aria-describedby=\"caption-attachment-312\" style=\"width: 250px\" class=\"wp-caption alignleft\"><a href=\"https:\/\/cpkzagorz.pl\/wp-content\/uploads\/2021\/09\/fot-7-.jpg\"><img loading=\"lazy\" class=\"size-medium wp-image-312\" src=\"https:\/\/cpkzagorz.pl\/wp-content\/uploads\/2021\/09\/fot-7--250x300.jpg\" alt=\"Krzy\u017c Obro\u0144c\u00f3w W\u0119z\u0142a Zag\u00f3rskiego, ze zbior\u00f3w Grzegorza Nycza. Fot. arch. Grzegorz Nycz\" width=\"250\" height=\"300\" \/><\/a><figcaption id=\"caption-attachment-312\" class=\"wp-caption-text\">Second Lt. Stanis\u0142aw Sas Korczy\u0144ski.<br \/>Photo From the collection of the<br \/>Military Historical Bureau (Central<br \/>Military Archives)<\/figcaption><\/figure>\n<p>With a view to commemorating their heroic deeds, commemorative Crosses of the Defenders of the Zag\u00f3rz Junction were awarded from 7 November 1920. These badges were made of bronze in the Zag\u00f3rz steam locomotive depot. Their reverses were marked with consecutive numbers. One of the original crosses from that period was placed as a votive gift in the parish church of the Assumption of the Blessed Virgin Mary in Zag\u00f3rz. This unique decoration and the name of one of the Zag\u00f3rz streets were until recently the only elements in the Zag\u00f3rz public space reminding of the local heroes of the independence uprising of 1918. The memory of the Defenders of the Zag\u00f3rz Railway Junction of 1918 is cultivated with particular care and commitment by the local association called DolinaKolejowa.pl.<\/p>\n","protected":false},"excerpt":{"rendered":"<p>The defenders of the Zag\u00f3rz railway junction in 1918 &nbsp; The history of these heroes of the fight for the independence of Poland reborn after the partitions &#8211; unfortunately, most of them do not know their names &#8211; began at the end of October 1918. At that time, numerous detachments of demobilised soldiers from the &hellip;<\/p>\n<p class=\"read-more\"> <a class=\"\" href=\"https:\/\/cpkzagorz.pl\/en\/obroncy-zwk-z-1918-r-2\/\"> <span class=\"screen-reader-text\">The defenders of the Zag\u00f3rz railway junction in 1918<\/span> Read More &raquo;<\/a><\/p>\n","protected":false},"author":1,"featured_media":0,"parent":0,"menu_order":8,"comment_status":"closed","ping_status":"closed","template":"","meta":[],"_links":{"self":[{"href":"https:\/\/cpkzagorz.pl\/en\/wp-json\/wp\/v2\/pages\/142"}],"collection":[{"href":"https:\/\/cpkzagorz.pl\/en\/wp-json\/wp\/v2\/pages"}],"about":[{"href":"https:\/\/cpkzagorz.pl\/en\/wp-json\/wp\/v2\/types\/page"}],"author":[{"embeddable":true,"href":"https:\/\/cpkzagorz.pl\/en\/wp-json\/wp\/v2\/users\/1"}],"replies":[{"embeddable":true,"href":"https:\/\/cpkzagorz.pl\/en\/wp-json\/wp\/v2\/comments?post=142"}],"version-history":[{"count":7,"href":"https:\/\/cpkzagorz.pl\/en\/wp-json\/wp\/v2\/pages\/142\/revisions"}],"predecessor-version":[{"id":337,"href":"https:\/\/cpkzagorz.pl\/en\/wp-json\/wp\/v2\/pages\/142\/revisions\/337"}],"wp:attachment":[{"href":"https:\/\/cpkzagorz.pl\/en\/wp-json\/wp\/v2\/media?parent=142"}],"curies":[{"name":"wp","href":"https:\/\/api.w.org\/{rel}","templated":true}]}}